{"id":40,"date":"2020-09-04T06:38:17","date_gmt":"2020-09-04T06:38:17","guid":{"rendered":"https:\/\/scytale.premiumservicios.net\/~paremoslacaza\/?page_id=40"},"modified":"2021-02-05T08:58:58","modified_gmt":"2021-02-05T07:58:58","slug":"politica-de-privacidad","status":"publish","type":"page","link":"https:\/\/paremoslacaza.org\/es\/politica-de-privacidad\/","title":{"rendered":"Pol\u00edtica de Privacidad"},"content":{"rendered":"<p>[et_pb_section fb_built=\u00bb1&#8243; _builder_version=\u00bb4.8.1&#8243; _module_preset=\u00bbdefault\u00bb background_color=\u00bbrgba(117,117,117,0.3)\u00bb width=\u00bb100%\u00bb max_width=\u00bb100%\u00bb module_alignment=\u00bbcenter\u00bb custom_margin=\u00bb0px|0px|0px|0px|false|true\u00bb custom_padding=\u00bb0px|0px|0px|0px|true|true\u00bb][et_pb_row _builder_version=\u00bb4.8.1&#8243; _module_preset=\u00bbdefault\u00bb][et_pb_column type=\u00bb4_4&#8243; _builder_version=\u00bb4.8.1&#8243; _module_preset=\u00bbdefault\u00bb][et_pb_text _builder_version=\u00bb4.8.1&#8243; _module_preset=\u00bbdefault\u00bb header_font=\u00bbOswald|500|||||||\u00bb header_text_align=\u00bbcenter\u00bb header_text_color=\u00bb#000000&#8243; header_font_size=\u00bb45px\u00bb]<\/p>\n<h1>Pol\u00edtica de Privacidad de Galgos del Sur<\/h1>\n<p>[\/et_pb_text][\/et_pb_column][\/et_pb_row][\/et_pb_section][et_pb_section fb_built=\u00bb1&#8243; _builder_version=\u00bb4.8.1&#8243; _module_preset=\u00bbdefault\u00bb][et_pb_row _builder_version=\u00bb4.8.1&#8243; _module_preset=\u00bbdefault\u00bb][et_pb_column type=\u00bb4_4&#8243; _builder_version=\u00bb4.8.1&#8243; _module_preset=\u00bbdefault\u00bb][et_pb_text _builder_version=\u00bb4.8.1&#8243; _module_preset=\u00bbdefault\u00bb text_font=\u00bbRoboto||||||||\u00bb text_text_color=\u00bbRGBA(10,0,0,0.3)\u00bb text_font_size=\u00bb16px\u00bb text_line_height=\u00bb1.8em\u00bb link_text_color=\u00bb#757575&#8243; hover_enabled=\u00bb0&#8243; sticky_enabled=\u00bb0&#8243;]<\/p>\n<p>La <strong>Asociaci\u00f3n Protectora de Animales Galgos del Sur<\/strong> respeta la privacidad de quienes colaboran con nosotros y la de todos aquellos y aquellas usuarios de nuestros sitios web. Esta Pol\u00edtica de Privacidad se aplica a todas las p\u00e1ginas web bajo propiedad de <strong>Galgos del Sur<\/strong>, pero no a aquellas p\u00e1ginas externas enlazadas en nuestro sitio web, ni plataformas de microdonaciones donde somos beneficiarios.<\/p>\n<p>De acuerdo con lo dispuesto en el Reglamento (UE) 2016\/679, de 27 de abril, General de Protecci\u00f3n de Datos (RGPD), Ley Org\u00e1nica 03\/2018, de 5 de diciembre, de Protecci\u00f3n de Datos personales y Garant\u00eda de los Derechos Digitales (LOPDGDD) y Ley 34\/2002 de servicios de la sociedad de la informaci\u00f3n y comercio electr\u00f3nico, informamos a las personas usuarias que <strong>Galgos del Sur<\/strong> tratar\u00e1 los datos recogidos a trav\u00e9s de los formularios de sus webs como a continuaci\u00f3n se detalla:<\/p>\n<p>&nbsp;<\/p>\n<p><strong>DATOS DE CONTACTO DEL RESPONSABLE:<\/strong><\/p>\n<p>Asociaci\u00f3n Protectora de Animales Galgos del Sur<br \/>Sede Social: C\/ \u00c1ngel Mar\u00eda de Barcia n\u00ba14 1\u00ba2, 14001 &#8211; C\u00f3rdoba<br \/>Correo electr\u00f3nico\u00a0\u00a0<a href=\"mailto:&quot;galgosdelsur@gmail.com&quot;\" target=\"_blank\" rel=\"noopener noreferrer\">galgosdelsur@gmail.com<\/a><br \/>Tel\u00e9fono: <a href=\"tel:&quot;+34698954877&quot;\">(+34) 698954877<\/a><br \/>NIF: <strong>G14894323<\/strong><br \/><strong>Inscrita en el Registro de Asociaciones de la Junta de Andaluc\u00eda<\/strong><\/p>\n<p>Hemos designado un Delegado de Protecci\u00f3n de Datos con quien puedes contactar en\u00a0<a href=\"mailto:&quot;galgosdelsur@gmail.com&quot;\" target=\"_blank\" rel=\"noopener noreferrer\">galgosdelsur@gmail.com<\/a><\/p>\n<p>&nbsp;<\/p>\n<p><strong>FINALIDAD Y USO DE SUS DATOS PERSONALES<\/strong><\/p>\n<p>La informaci\u00f3n que obtenemos es \u00fanicamente aquella que voluntariamente nos facilitas a trav\u00e9s de los formularios de nuestros sitios web, correo electr\u00f3nico, al registrarte como persona colaboradora econ\u00f3mica, adoptante y voluntaria o adherente a una campa\u00f1a de recogida de firmas de esta Asociaci\u00f3n, as\u00ed como la que no es facilitada por la plataforma de microdonaciones de teaming y la plataforma de pago paypal.<\/p>\n<ol>\n<li>Tus datos pueden ser tratados:<br \/>En la gesti\u00f3n de tu relaci\u00f3n de colaborador mensual con <strong>Galgos del Sur.<\/strong><\/li>\n<li>En la gesti\u00f3n de tu relaci\u00f3n como voluntario con <strong>Galgos del Sur.<\/strong><\/li>\n<li>En la gesti\u00f3n de tu relaci\u00f3n como adoptante en <strong>Galgos del Sur.<\/strong><\/li>\n<li>En la gesti\u00f3n de una donaci\u00f3n de cualquier \u00edndole a <strong>Galgos del Sur.<\/strong><\/li>\n<li>En la gesti\u00f3n de tu pedido en nuestra galgo-tienda.<\/li>\n<li>En la atenci\u00f3n de tu consulta y solicitud de informaci\u00f3n.<\/li>\n<li>En la gesti\u00f3n de tu apoyo a nuestras campa\u00f1as.<\/li>\n<li>Enviarte informaci\u00f3n sobre nuestra actividad, iniciativas, campa\u00f1as y actuaciones.<\/li>\n<li>Si eres proveedor, para gestionar tu relaci\u00f3n profesional y\/o comercial con nosotros.<\/li>\n<\/ol>\n<p>Esta informaci\u00f3n puede incluir datos de car\u00e1cter personal de los cuales es responsable la <strong>Asociaci\u00f3n Protectora de Animales Galgos del Sur<\/strong>. Esta informaci\u00f3n se mantiene confidencial y sirve \u00fanicamente al objetivo de informar a quienes as\u00ed lo hayan solicitado sobre las actividades de nuestra organizaci\u00f3n, noticias relacionadas y especialmente para el env\u00edo de nuestro bolet\u00edn informativo. Tambi\u00e9n podremos utilizar estos datos para contactar contigo a trav\u00e9s de los medios facilitados (email, tel\u00e9fono, sms, etc). Al facilitar esta informaci\u00f3n, el usuario da su consentimiento para que su informaci\u00f3n sea recopilada, utilizada, gestionada y almacenada por <strong>Galgos del Sur<\/strong> \u00fanicamente para las finalidades descritas.<\/p>\n<p><strong>BOLET\u00cdN INFORMATIVO<\/strong><\/p>\n<p>Nuestro bolet\u00edn informativo es enviado \u00fanicamente a personas que nos hayan remitido sus datos voluntariamente y aceptado subscribirse, siempre tiene la opci\u00f3n de cancelar o actualizar los datos de suscripci\u00f3n poni\u00e9ndose en contacto con nosotros.<\/p>\n<p>En ning\u00fan momento <strong>Galgos del Sur<\/strong> enviar\u00e1 este bolet\u00edn sin que anteriormente no hayas aceptado suscribirte.<\/p>\n<p><strong>TIENDA Y DONACIONES MEDIANTE PAYPAL Y TARJETA<\/strong><\/p>\n<p>Si entras en nuestra tienda y te registras, tus datos ser\u00e1n utilizados para gestionar tu compra y su entrega.<\/p>\n<p>Todos los datos personales recogidos como parte de la utilizaci\u00f3n de nuestra tienda en l\u00ednea sirven \u00fanicamente al fin de servir correctamente el pedido realizado. Esta informaci\u00f3n no se relaciona con ning\u00fan otro fichero con datos personales.<\/p>\n<p>Tanto para nuestra tienda como para otros enlaces para donar, los pagos se realizaran mediante el servicio prestado por Paypal con sus propias opciones y medidas de seguridad, por tarjeta a trav\u00e9s de una conexi\u00f3n segura de Redsys mediante transferencia bancaria donde los datos de ingreso ser\u00e1n tratados de acuerdo a nuestra pol\u00edtica de seguridad.<\/p>\n<p>Cuando escoja la opci\u00f3n de donar por la plataforma de microdonaciones de paypal, deber\u00e1 acogerse a la pol\u00edtica de privacidad de paypal, ya que no somos nosotros quien gestionamos sus datos.<\/p>\n<p>Para pagos con paypal consulte la Pol\u00edtica de Privacidad de Paypal, para donaciones con teaming consulte la Pol\u00edtica de Privacidad de Teaming.<\/p>\n<p><strong>Galgos del Sur<\/strong> no tiene acceso a los datos de las tarjetas de cr\u00e9dito utilizadas en nuestra tienda.<\/p>\n<p>Para nosotros, la privacidad de los datos de los usuarios es de suma importancia, por lo que los datos recogidos por <strong>Galgos del Sur<\/strong> no ser\u00e1n en ning\u00fan momento utilizados con fines comerciales ni intercambiados con terceros. Toda la informaci\u00f3n ser\u00e1 utilizada en relaci\u00f3n a la defensa de los animales y nunca para ning\u00fan fin ajeno a la misma.<\/p>\n<p><strong>FIRMANTES<\/strong><\/p>\n<p>Como parte de sus acciones en defensa de los animales, <strong>Galgos del Sur<\/strong> recoge firmas a trav\u00e9s de sus sitios web con diversos fines y tem\u00e1ticas. Aunque estas firmas no tienen validez legal, sirven para hacer llegar a los destinatarios (pol\u00edticos o directivos de empresas) tu postura sobre un determinado asunto. Los datos asociados a las firmas son guardados por la organizaci\u00f3n y en ning\u00fan momento son compartidos con terceros.<\/p>\n<p><strong>CONSERVACION DE DATOS<\/strong><\/p>\n<p>Guardaremos tus datos mientras desees mantener el contacto con <strong>Galgos del Sur<\/strong> y si decides darte de baja conservaremos los datos \u00fanicamente para cumplir con nuestras obligaciones legales.<\/p>\n<p><strong>LEGITIMIZACION<\/strong><\/p>\n<p>Basamos el tratamiento de tus datos en tu consentimiento.<\/p>\n<p>Si decides colaborar econ\u00f3micamente de manera regular \u00a0o realizar una donaci\u00f3n, siempre ser\u00e1 de manera voluntaria, pero l\u00f3gicamente necesitaremos tus datos personales para ejecutar dicha finalidad.<\/p>\n<p>En el caso de la tienda, basamos el tratamiento en la propia ejecuci\u00f3n del contrato de compra de los productos que adquieras y los necesitamos para gestionar la misma y poder entregarte lo que compres.<\/p>\n<p>Si tienes una relaci\u00f3n contractual con nosotros (porque eres colaborador, voluntario, compras en la tienda, nos haces donaciones por teaming o paypal) podremos enviarte informaci\u00f3n sobre nuestras actividades bas\u00e1ndonos en nuestro inter\u00e9s leg\u00edtimo pero siempre tendr\u00e1s la posibilidad de darte de baja de dicha informaci\u00f3n sin que ello afecte a tu relaci\u00f3n contractual.<\/p>\n<p><strong>DESTINATARIOS<\/strong><\/p>\n<p>Nunca venderemos, alquilaremos o cederemos tus datos personales, pero estos podr\u00e1n ser facilitados a terceros para la prestaci\u00f3n de servicios que <strong>Galgos del Sur<\/strong> haya contratado con ellos como es el envi\u00f3 de pedidos de la Tienda.<\/p>\n<p>En determinados casos, especialmente en el caso de personas colaboradoras econ\u00f3micas y donantes, necesitaremos guardar los datos para el cumplimiento de nuestras obligaciones legales, pero \u00fanicamente tendr\u00e1n acceso las autoridades competentes en la materia a efectos fiscales y legales.<\/p>\n<p>Trabajamos con proveedores que pueden tener acceso a datos personales para prestarnos servicios espec\u00edficos. Nos hemos asegurado de que todos ellos firmen los correspondientes contratos y que cumplan con la normativa de protecci\u00f3n de datos.<\/p>\n<p><strong>DERECHOS<\/strong><\/p>\n<p>Los interesados podr\u00e1n ejercer en cualquier momento los derechos de\u00a0acceso, rectificaci\u00f3n y supresi\u00f3n, as\u00ed como solicitar que se limite el tratamiento de sus datos personales, oponerse al mismo, solicitar la portabilidad de estos (siempre que sea t\u00e9cnicamente posible) o retirar el consentimiento prestado.<\/p>\n<p>Para ello deber\u00e1 dirigir un escrito al correo electr\u00f3nico o la direcci\u00f3n postal arriba indicadas. La solicitud deber\u00e1 acompa\u00f1arse de una fotocopia de su D.N.I. o documento equivalente, con la finalidad de acreditar su identidad.<\/p>\n<p>En cumplimiento de lo dispuesto en el art\u00edculo 21 de la Ley 34\/2002 de servicios de la sociedad de la informaci\u00f3n y comercio electr\u00f3nico, si usted no desea recibir m\u00e1s informaci\u00f3n sobre nuestros servicios, puede darse de baja enviando un correo electr\u00f3nico a la direcci\u00f3n <a href=\"mailto:&quot;galgosdelsur@gmail.com&quot;\" target=\"_blank\" rel=\"noopener noreferrer\">galgosdelsur@gmail.com<\/a><\/p>\n<p>Tambi\u00e9n tienes derecho a presentar una reclamaci\u00f3n ante la <strong>Agencia Espa\u00f1ola de Protecci\u00f3n de Datos<\/strong> (www.agpd.es) si consideras que no hemos garantizado adecuadamente tus derechos. No obstante creemos en los derechos de las personas y en particular en el derecho a la privacidad y por ello hacemos nuestros mayores esfuerzos en proteger la informaci\u00f3n. Para cualquier cuesti\u00f3n relacionada con los datos, por favor, dir\u00edgete a nosotros.<\/p>\n<p><strong>VERACIDAD DE LOS DATOS<\/strong><\/p>\n<p>El interesado garantiza que los datos aportados son verdaderos, exactos, completos y se encuentran actualizados; comprometi\u00e9ndose a informar de cualquier cambio respecto de los datos que aportara, por los canales habilitados al efecto e indicados en el punto uno de la presente pol\u00edtica. Ser\u00e1 responsable de cualquier da\u00f1o o perjuicio, tanto directo como indirecto, que pudiera ocasionar como consecuencia del incumplimiento de la presente obligaci\u00f3n.<\/p>\n<p>En el supuesto de que el usuario facilite datos de terceros, declara que cuenta con el consentimiento de los interesados y se compromete a trasladarle la informaci\u00f3n contenida en esta cl\u00e1usula, eximiendo a la organizaci\u00f3n de cualquier responsabilidad derivada por la falta de cumplimiento de la presente obligaci\u00f3n.<\/p>\n<p><strong>POLITICA DE COOKIES<\/strong><\/p>\n<p>Durante la navegaci\u00f3n a trav\u00e9s de la nuestra web es posible que recopilemos informaci\u00f3n relativa al flujo del tr\u00e1fico as\u00ed como a patrones de visita de las p\u00e1ginas de nuestro dominio. Dicha informaci\u00f3n ser\u00e1 tratada a trav\u00e9s de cookies (peque\u00f1as cantidades de informaci\u00f3n en formato texto que la p\u00e1gina env\u00eda al ordenador o equipo del usuario mientras visita la misma).<\/p>\n<p>El objetivo de la utilizaci\u00f3n de las cookies es personalizar el acceso a la p\u00e1gina con el fin de mejorar la navegaci\u00f3n y su funcionalidad.<\/p>\n<p>En <strong>Galgos del Sur<\/strong> cumplimos con lo dispuesto en la <strong>Ley de Servicios de la Sociedad de la Informaci\u00f3n<\/strong>, norma incluye la Directiva 2009\/136\/CE, conocida como <strong>\u201cLey de Cookies\u201d<\/strong>.<\/p>\n<p>Los datos facilitados voluntariamente ser\u00e1n objeto de tratamiento con el \u00fanico prop\u00f3sito de servir a los fines aqu\u00ed descritos.<\/p>\n<p><strong>SEGURIDAD<\/strong><\/p>\n<p>Nuestras medidas de seguridad y Pol\u00edtica de Privacidad son revisadas peri\u00f3dicamente.<\/p>\n<p>Si tienes alguna pregunta relacionada, ponte en contacto con nosotros o con nuestro Delegado de Protecci\u00f3n de Datos:<\/p>\n<p><strong>Asociaci\u00f3n Protectora de Animales Galgos del Sur<\/strong><br \/>Correo electr\u00f3nico:\u00a0 <a href=\"mailto:&quot;galgosdelsur@gmail.com&quot;\" target=\"_blank\" rel=\"noopener noreferrer\">galgosdelsur@gmail.com<\/a><br \/>Tel\u00e9fono: <a href=\"tel:&quot;+34698954877&quot;\">(+34) 698954877<\/a><\/p>\n<p>[\/et_pb_text][\/et_pb_column][\/et_pb_row][\/et_pb_section]<\/p>\n","protected":false},"excerpt":{"rendered":"<p>Pol\u00edtica de Privacidad de Galgos del SurLa Asociaci\u00f3n Protectora de Animales Galgos del Sur respeta la privacidad de quienes colaboran con nosotros y la de todos aquellos y aquellas usuarios de nuestros sitios web. Esta Pol\u00edtica de Privacidad se aplica a todas las p\u00e1ginas web bajo propiedad de Galgos del Sur, pero no a aquellas [&hellip;]<\/p>\n","protected":false},"author":1,"featured_media":0,"parent":0,"menu_order":0,"comment_status":"closed","ping_status":"closed","template":"","meta":{"_et_pb_use_builder":"on","_et_pb_old_content":"<!-- wp:divi\/placeholder \/-->","_et_gb_content_width":"","footnotes":""},"_links":{"self":[{"href":"https:\/\/paremoslacaza.org\/es\/wp-json\/wp\/v2\/pages\/40"}],"collection":[{"href":"https:\/\/paremoslacaza.org\/es\/wp-json\/wp\/v2\/pages"}],"about":[{"href":"https:\/\/paremoslacaza.org\/es\/wp-json\/wp\/v2\/types\/page"}],"author":[{"embeddable":true,"href":"https:\/\/paremoslacaza.org\/es\/wp-json\/wp\/v2\/users\/1"}],"replies":[{"embeddable":true,"href":"https:\/\/paremoslacaza.org\/es\/wp-json\/wp\/v2\/comments?post=40"}],"version-history":[{"count":6,"href":"https:\/\/paremoslacaza.org\/es\/wp-json\/wp\/v2\/pages\/40\/revisions"}],"predecessor-version":[{"id":275349,"href":"https:\/\/paremoslacaza.org\/es\/wp-json\/wp\/v2\/pages\/40\/revisions\/275349"}],"wp:attachment":[{"href":"https:\/\/paremoslacaza.org\/es\/wp-json\/wp\/v2\/media?parent=40"}],"curies":[{"name":"wp","href":"https:\/\/api.w.org\/{rel}","templated":true}]}}